{"id":458,"date":"2023-02-06T08:27:29","date_gmt":"2023-02-06T08:27:29","guid":{"rendered":"https:\/\/www.partyservice.olsztyn.pl\/?post_type=product&#038;p=458"},"modified":"2023-02-06T08:27:29","modified_gmt":"2023-02-06T08:27:29","slug":"glosnik-jbl-xtreme-3","status":"publish","type":"product","link":"https:\/\/www.partyservice.olsztyn.pl\/index.php\/produkt\/glosnik-jbl-xtreme-3\/","title":{"rendered":"G\u0142o\u015bnik JBL Xtreme 3"},"content":{"rendered":"<p>Rodzaj: <span class=\"ng-star-inserted\">g\u0142o\u015bnik Bluetooth <\/span><\/p>\n<p>Przeznaczenie: g\u0142o\u015bnik mobilny<\/p>\n<p>Moc: 100W<\/p>\n<p>Czas pracy: 15h<\/p>\n","protected":false},"excerpt":{"rendered":"<p>Rodzaj: g\u0142o\u015bnik Bluetooth Przeznaczenie: g\u0142o\u015bnik mobilny Moc: 100W Czas pracy: 15h<\/p>\n","protected":false},"featured_media":318,"comment_status":"open","ping_status":"closed","template":"","meta":[],"product_brand":[],"product_cat":[19],"product_tag":[],"class_list":{"0":"post-458","1":"product","2":"type-product","3":"status-publish","4":"has-post-thumbnail","6":"product_cat-naglosnienie","8":"first","9":"instock","10":"taxable","11":"shipping-taxable","12":"purchasable","13":"product-type-redq_rental"},"_links":{"self":[{"href":"https:\/\/www.partyservice.olsztyn.pl\/index.php\/wp-json\/wp\/v2\/product\/458","targetHints":{"allow":["GET"]}}],"collection":[{"href":"https:\/\/www.partyservice.olsztyn.pl\/index.php\/wp-json\/wp\/v2\/product"}],"about":[{"href":"https:\/\/www.partyservice.olsztyn.pl\/index.php\/wp-json\/wp\/v2\/types\/product"}],"replies":[{"embeddable":true,"href":"https:\/\/www.partyservice.olsztyn.pl\/index.php\/wp-json\/wp\/v2\/comments?post=458"}],"wp:featuredmedia":[{"embeddable":true,"href":"https:\/\/www.partyservice.olsztyn.pl\/index.php\/wp-json\/wp\/v2\/media\/318"}],"wp:attachment":[{"href":"https:\/\/www.partyservice.olsztyn.pl\/index.php\/wp-json\/wp\/v2\/media?parent=458"}],"wp:term":[{"taxonomy":"product_brand","embeddable":true,"href":"https:\/\/www.partyservice.olsztyn.pl\/index.php\/wp-json\/wp\/v2\/product_brand?post=458"},{"taxonomy":"product_cat","embeddable":true,"href":"https:\/\/www.partyservice.olsztyn.pl\/index.php\/wp-json\/wp\/v2\/product_cat?post=458"},{"taxonomy":"product_tag","embeddable":true,"href":"https:\/\/www.partyservice.olsztyn.pl\/index.php\/wp-json\/wp\/v2\/product_tag?post=458"}],"curies":[{"name":"wp","href":"https:\/\/api.w.org\/{rel}","templated":true}]}}